{"id":843,"date":"2025-06-16T09:34:46","date_gmt":"2025-06-16T09:34:46","guid":{"rendered":"https:\/\/www.celarya.com.br\/?page_id=843"},"modified":"2025-06-16T09:35:08","modified_gmt":"2025-06-16T09:35:08","slug":"imoveis-prontos","status":"publish","type":"page","link":"https:\/\/www.celarya.com.br\/?page_id=843","title":{"rendered":"Im\u00f3veis Prontos"},"content":{"rendered":"\t\t<div data-elementor-type=\"wp-page\" data-elementor-id=\"843\" class=\"elementor elementor-843\" data-elementor-post-type=\"page\">\n\t\t\t\t<div class=\"elementor-element elementor-element-38f40ee e-flex e-con-boxed e-con e-parent\" data-id=\"38f40ee\" data-element_type=\"container\" data-settings=\"{&quot;background_background&quot;:&quot;classic&quot;}\">\n\t\t\t\t\t<div class=\"e-con-inner\">\n\t\t\t\t<div class=\"elementor-element elementor-element-69d693e elementor-widget elementor-widget-image\" data-id=\"69d693e\" data-element_type=\"widget\" data-widget_type=\"image.default\">\n\t\t\t\t<div class=\"elementor-widget-container\">\n\t\t\t\t\t\t\t\t\t\t\t\t\t\t\t<img fetchpriority=\"high\" decoding=\"async\" width=\"900\" height=\"993\" src=\"https:\/\/www.celarya.com.br\/wp-content\/uploads\/2025\/06\/LOGO-PNG--928x1024.png\" class=\"attachment-large size-large wp-image-711\" alt=\"\" srcset=\"https:\/\/www.celarya.com.br\/wp-content\/uploads\/2025\/06\/LOGO-PNG--928x1024.png 928w, https:\/\/www.celarya.com.br\/wp-content\/uploads\/2025\/06\/LOGO-PNG--768x847.png 768w, https:\/\/www.celarya.com.br\/wp-content\/uploads\/2025\/06\/LOGO-PNG--600x662.png 600w, https:\/\/www.celarya.com.br\/wp-content\/uploads\/2025\/06\/LOGO-PNG-.png 1260w\" sizes=\"(max-width: 900px) 100vw, 900px\" \/>\t\t\t\t\t\t\t\t\t\t\t\t\t\t\t<\/div>\n\t\t\t\t<\/div>\n\t\t\t\t<div class=\"elementor-element elementor-element-340002c elementor-widget elementor-widget-heading\" data-id=\"340002c\" data-element_type=\"widget\" data-widget_type=\"heading.default\">\n\t\t\t\t<div class=\"elementor-widget-container\">\n\t\t\t\t\t<h2 class=\"elementor-heading-title elementor-size-default\">Entenda Im\u00f3veis Prontos<\/h2>\t\t\t\t<\/div>\n\t\t\t\t<\/div>\n\t\t\t\t<div class=\"elementor-element elementor-element-56d6241 elementor-widget__width-initial elementor-widget elementor-widget-text-editor\" data-id=\"56d6241\" data-element_type=\"widget\" data-widget_type=\"text-editor.default\">\n\t\t\t\t<div class=\"elementor-widget-container\">\n\t\t\t\t\t\t\t\t\t<p data-start=\"122\" data-end=\"398\">Im\u00f3veis prontos s\u00e3o aqueles que j\u00e1 est\u00e3o finalizados, regularizados e prontos para morar ou utilizar. Isso inclui apartamentos, casas ou salas comerciais que j\u00e1 passaram por todas as etapas de constru\u00e7\u00e3o e podem ser visitados, avaliados e ocupados imediatamente ap\u00f3s a compra.<\/p><p data-start=\"400\" data-end=\"687\">A principal vantagem \u00e9 a <strong data-start=\"425\" data-end=\"448\">imediata utiliza\u00e7\u00e3o<\/strong> do im\u00f3vel \u2014 ideal para quem tem pressa para se mudar, abrir um neg\u00f3cio ou come\u00e7ar a alugar. Al\u00e9m disso, o comprador pode verificar pessoalmente a qualidade da constru\u00e7\u00e3o, o acabamento e a infraestrutura do entorno antes de fechar neg\u00f3cio.<\/p><p data-start=\"689\" data-end=\"825\">Tamb\u00e9m h\u00e1 maior previsibilidade no financiamento, j\u00e1 que os valores s\u00e3o definidos com base no im\u00f3vel finalizado, sem surpresas no custo.<\/p>\t\t\t\t\t\t\t\t<\/div>\n\t\t\t\t<\/div>\n\t\t\t\t\t<\/div>\n\t\t\t\t<\/div>\n\t\t\t\t<\/div>\n\t\t","protected":false},"excerpt":{"rendered":"<p>Entenda Im\u00f3veis Prontos Im\u00f3veis prontos s\u00e3o aqueles que j\u00e1 est\u00e3o finalizados, regularizados e prontos para morar ou utilizar. Isso inclui apartamentos, casas ou salas comerciais que j\u00e1 passaram por todas [&hellip;]<\/p>\n","protected":false},"author":1,"featured_media":0,"parent":0,"menu_order":0,"comment_status":"closed","ping_status":"closed","template":"","meta":{"_acf_changed":false,"footnotes":""},"class_list":["post-843","page","type-page","status-publish","hentry"],"acf":[],"_links":{"self":[{"href":"https:\/\/www.celarya.com.br\/index.php?rest_route=\/wp\/v2\/pages\/843","targetHints":{"allow":["GET"]}}],"collection":[{"href":"https:\/\/www.celarya.com.br\/index.php?rest_route=\/wp\/v2\/pages"}],"about":[{"href":"https:\/\/www.celarya.com.br\/index.php?rest_route=\/wp\/v2\/types\/page"}],"author":[{"embeddable":true,"href":"https:\/\/www.celarya.com.br\/index.php?rest_route=\/wp\/v2\/users\/1"}],"replies":[{"embeddable":true,"href":"https:\/\/www.celarya.com.br\/index.php?rest_route=%2Fwp%2Fv2%2Fcomments&post=843"}],"version-history":[{"count":4,"href":"https:\/\/www.celarya.com.br\/index.php?rest_route=\/wp\/v2\/pages\/843\/revisions"}],"predecessor-version":[{"id":847,"href":"https:\/\/www.celarya.com.br\/index.php?rest_route=\/wp\/v2\/pages\/843\/revisions\/847"}],"wp:attachment":[{"href":"https:\/\/www.celarya.com.br\/index.php?rest_route=%2Fwp%2Fv2%2Fmedia&parent=843"}],"curies":[{"name":"wp","href":"https:\/\/api.w.org\/{rel}","templated":true}]}}