{"id":830,"date":"2025-06-16T09:23:23","date_gmt":"2025-06-16T09:23:23","guid":{"rendered":"https:\/\/www.celarya.com.br\/?page_id=830"},"modified":"2025-06-16T09:27:20","modified_gmt":"2025-06-16T09:27:20","slug":"info-preco-de-custo","status":"publish","type":"page","link":"https:\/\/www.celarya.com.br\/?page_id=830","title":{"rendered":"Info Pre\u00e7o de Custo"},"content":{"rendered":"\t\t<div data-elementor-type=\"wp-page\" data-elementor-id=\"830\" class=\"elementor elementor-830\" data-elementor-post-type=\"page\">\n\t\t\t\t<div class=\"elementor-element elementor-element-8f9a927 e-flex e-con-boxed e-con e-parent\" data-id=\"8f9a927\" data-element_type=\"container\" data-settings=\"{&quot;background_background&quot;:&quot;classic&quot;}\">\n\t\t\t\t\t<div class=\"e-con-inner\">\n\t\t\t\t<div class=\"elementor-element elementor-element-e0fbc52 elementor-widget elementor-widget-image\" data-id=\"e0fbc52\" data-element_type=\"widget\" data-widget_type=\"image.default\">\n\t\t\t\t<div class=\"elementor-widget-container\">\n\t\t\t\t\t\t\t\t\t\t\t\t\t\t\t<img fetchpriority=\"high\" decoding=\"async\" width=\"900\" height=\"993\" src=\"https:\/\/www.celarya.com.br\/wp-content\/uploads\/2025\/06\/LOGO-PNG--928x1024.png\" class=\"attachment-large size-large wp-image-711\" alt=\"\" srcset=\"https:\/\/www.celarya.com.br\/wp-content\/uploads\/2025\/06\/LOGO-PNG--928x1024.png 928w, https:\/\/www.celarya.com.br\/wp-content\/uploads\/2025\/06\/LOGO-PNG--768x847.png 768w, https:\/\/www.celarya.com.br\/wp-content\/uploads\/2025\/06\/LOGO-PNG--600x662.png 600w, https:\/\/www.celarya.com.br\/wp-content\/uploads\/2025\/06\/LOGO-PNG-.png 1260w\" sizes=\"(max-width: 900px) 100vw, 900px\" \/>\t\t\t\t\t\t\t\t\t\t\t\t\t\t\t<\/div>\n\t\t\t\t<\/div>\n\t\t\t\t<div class=\"elementor-element elementor-element-b3dad1b elementor-widget elementor-widget-heading\" data-id=\"b3dad1b\" data-element_type=\"widget\" data-widget_type=\"heading.default\">\n\t\t\t\t<div class=\"elementor-widget-container\">\n\t\t\t\t\t<h2 class=\"elementor-heading-title elementor-size-default\">Entenda Im\u00f3veis a Pre\u00e7o de Custo<\/h2>\t\t\t\t<\/div>\n\t\t\t\t<\/div>\n\t\t\t\t<div class=\"elementor-element elementor-element-8d1969b elementor-widget__width-initial elementor-widget elementor-widget-text-editor\" data-id=\"8d1969b\" data-element_type=\"widget\" data-widget_type=\"text-editor.default\">\n\t\t\t\t<div class=\"elementor-widget-container\">\n\t\t\t\t\t\t\t\t\t<p data-start=\"140\" data-end=\"326\">Im\u00f3veis a pre\u00e7o de custo s\u00e3o empreendimentos em que os compradores se tornam &#8220;cond\u00f4minos&#8221; e participam diretamente da constru\u00e7\u00e3o, sem a intermedia\u00e7\u00e3o de uma incorporadora que visa lucro.<\/p><p data-start=\"328\" data-end=\"558\">Nesse modelo, os futuros moradores se unem em uma associa\u00e7\u00e3o ou cooperativa e dividem todos os custos da obra \u2014 como materiais, m\u00e3o de obra, taxas e gest\u00e3o \u2014 pagando apenas pelo valor real da constru\u00e7\u00e3o, sem acr\u00e9scimos comerciais.<\/p><p data-start=\"560\" data-end=\"871\">A principal vantagem \u00e9 o <strong data-start=\"585\" data-end=\"605\">pre\u00e7o mais baixo<\/strong> em compara\u00e7\u00e3o aos modelos tradicionais. Por\u00e9m, como o im\u00f3vel ainda ser\u00e1 constru\u00eddo, o comprador assume mais riscos, como eventuais atrasos ou varia\u00e7\u00f5es de custo. Por isso, \u00e9 fundamental que a administra\u00e7\u00e3o da obra seja feita por empresas s\u00e9rias e com transpar\u00eancia.<\/p>\t\t\t\t\t\t\t\t<\/div>\n\t\t\t\t<\/div>\n\t\t\t\t\t<\/div>\n\t\t\t\t<\/div>\n\t\t\t\t<\/div>\n\t\t","protected":false},"excerpt":{"rendered":"<p>Entenda Im\u00f3veis a Pre\u00e7o de Custo Im\u00f3veis a pre\u00e7o de custo s\u00e3o empreendimentos em que os compradores se tornam &#8220;cond\u00f4minos&#8221; e participam diretamente da constru\u00e7\u00e3o, sem a intermedia\u00e7\u00e3o de uma [&hellip;]<\/p>\n","protected":false},"author":1,"featured_media":0,"parent":0,"menu_order":0,"comment_status":"closed","ping_status":"closed","template":"","meta":{"_acf_changed":false,"footnotes":""},"class_list":["post-830","page","type-page","status-publish","hentry"],"acf":[],"_links":{"self":[{"href":"https:\/\/www.celarya.com.br\/index.php?rest_route=\/wp\/v2\/pages\/830","targetHints":{"allow":["GET"]}}],"collection":[{"href":"https:\/\/www.celarya.com.br\/index.php?rest_route=\/wp\/v2\/pages"}],"about":[{"href":"https:\/\/www.celarya.com.br\/index.php?rest_route=\/wp\/v2\/types\/page"}],"author":[{"embeddable":true,"href":"https:\/\/www.celarya.com.br\/index.php?rest_route=\/wp\/v2\/users\/1"}],"replies":[{"embeddable":true,"href":"https:\/\/www.celarya.com.br\/index.php?rest_route=%2Fwp%2Fv2%2Fcomments&post=830"}],"version-history":[{"count":4,"href":"https:\/\/www.celarya.com.br\/index.php?rest_route=\/wp\/v2\/pages\/830\/revisions"}],"predecessor-version":[{"id":837,"href":"https:\/\/www.celarya.com.br\/index.php?rest_route=\/wp\/v2\/pages\/830\/revisions\/837"}],"wp:attachment":[{"href":"https:\/\/www.celarya.com.br\/index.php?rest_route=%2Fwp%2Fv2%2Fmedia&parent=830"}],"curies":[{"name":"wp","href":"https:\/\/api.w.org\/{rel}","templated":true}]}}