{"id":819,"date":"2025-06-16T09:15:07","date_gmt":"2025-06-16T09:15:07","guid":{"rendered":"https:\/\/www.celarya.com.br\/?page_id=819"},"modified":"2025-06-16T09:19:11","modified_gmt":"2025-06-16T09:19:11","slug":"info-lancamento","status":"publish","type":"page","link":"https:\/\/www.celarya.com.br\/?page_id=819","title":{"rendered":"Info Lan\u00e7amento"},"content":{"rendered":"\t\t<div data-elementor-type=\"wp-page\" data-elementor-id=\"819\" class=\"elementor elementor-819\" data-elementor-post-type=\"page\">\n\t\t\t\t<div class=\"elementor-element elementor-element-248d00f e-flex e-con-boxed e-con e-parent\" data-id=\"248d00f\" data-element_type=\"container\" data-settings=\"{&quot;background_background&quot;:&quot;classic&quot;}\">\n\t\t\t\t\t<div class=\"e-con-inner\">\n\t\t\t\t<div class=\"elementor-element elementor-element-2afd35d elementor-widget elementor-widget-image\" data-id=\"2afd35d\" data-element_type=\"widget\" data-widget_type=\"image.default\">\n\t\t\t\t<div class=\"elementor-widget-container\">\n\t\t\t\t\t\t\t\t\t\t\t\t\t\t\t<img fetchpriority=\"high\" decoding=\"async\" width=\"900\" height=\"993\" src=\"https:\/\/www.celarya.com.br\/wp-content\/uploads\/2025\/06\/LOGO-PNG--928x1024.png\" class=\"attachment-large size-large wp-image-711\" alt=\"\" srcset=\"https:\/\/www.celarya.com.br\/wp-content\/uploads\/2025\/06\/LOGO-PNG--928x1024.png 928w, https:\/\/www.celarya.com.br\/wp-content\/uploads\/2025\/06\/LOGO-PNG--768x847.png 768w, https:\/\/www.celarya.com.br\/wp-content\/uploads\/2025\/06\/LOGO-PNG--600x662.png 600w, https:\/\/www.celarya.com.br\/wp-content\/uploads\/2025\/06\/LOGO-PNG-.png 1260w\" sizes=\"(max-width: 900px) 100vw, 900px\" \/>\t\t\t\t\t\t\t\t\t\t\t\t\t\t\t<\/div>\n\t\t\t\t<\/div>\n\t\t\t\t<div class=\"elementor-element elementor-element-f92c1fa elementor-widget elementor-widget-heading\" data-id=\"f92c1fa\" data-element_type=\"widget\" data-widget_type=\"heading.default\">\n\t\t\t\t<div class=\"elementor-widget-container\">\n\t\t\t\t\t<h2 class=\"elementor-heading-title elementor-size-default\">Entenda Nossos Lan\u00e7amentos<\/h2>\t\t\t\t<\/div>\n\t\t\t\t<\/div>\n\t\t\t\t<div class=\"elementor-element elementor-element-6816921 elementor-widget__width-initial elementor-widget elementor-widget-text-editor\" data-id=\"6816921\" data-element_type=\"widget\" data-widget_type=\"text-editor.default\">\n\t\t\t\t<div class=\"elementor-widget-container\">\n\t\t\t\t\t\t\t\t\t<p data-start=\"135\" data-end=\"367\">O lan\u00e7amento imobili\u00e1rio \u00e9 a fase inicial da comercializa\u00e7\u00e3o de um novo empreendimento, seja residencial, comercial ou misto. Ele acontece antes ou logo ap\u00f3s o in\u00edcio das obras, quando o im\u00f3vel ainda est\u00e1 na planta ou em constru\u00e7\u00e3o.<\/p><p data-start=\"369\" data-end=\"659\">Nessa etapa, a construtora ou incorporadora apresenta o projeto ao p\u00fablico, mostrando maquetes, plantas, diferenciais e condi\u00e7\u00f5es especiais de pagamento. O objetivo \u00e9 atrair compradores e investidores antes da conclus\u00e3o da obra, muitas vezes com pre\u00e7os mais baixos e facilidades exclusivas.<\/p><p data-start=\"661\" data-end=\"896\">Investir em um lan\u00e7amento pode ser vantajoso, pois h\u00e1 maior poder de escolha (como andares e posi\u00e7\u00f5es) e valoriza\u00e7\u00e3o futura do im\u00f3vel. No entanto, \u00e9 importante analisar bem a reputa\u00e7\u00e3o da empresa respons\u00e1vel e as condi\u00e7\u00f5es do contrato.<\/p><hr data-start=\"898\" data-end=\"901\" \/><p data-start=\"903\" data-end=\"997\" data-is-last-node=\"\" data-is-only-node=\"\">\u00a0<\/p>\t\t\t\t\t\t\t\t<\/div>\n\t\t\t\t<\/div>\n\t\t\t\t\t<\/div>\n\t\t\t\t<\/div>\n\t\t\t\t<\/div>\n\t\t","protected":false},"excerpt":{"rendered":"<p>Entenda Nossos Lan\u00e7amentos O lan\u00e7amento imobili\u00e1rio \u00e9 a fase inicial da comercializa\u00e7\u00e3o de um novo empreendimento, seja residencial, comercial ou misto. Ele acontece antes ou logo ap\u00f3s o in\u00edcio das [&hellip;]<\/p>\n","protected":false},"author":1,"featured_media":0,"parent":0,"menu_order":0,"comment_status":"closed","ping_status":"closed","template":"","meta":{"_acf_changed":false,"footnotes":""},"class_list":["post-819","page","type-page","status-publish","hentry"],"acf":[],"_links":{"self":[{"href":"https:\/\/www.celarya.com.br\/index.php?rest_route=\/wp\/v2\/pages\/819","targetHints":{"allow":["GET"]}}],"collection":[{"href":"https:\/\/www.celarya.com.br\/index.php?rest_route=\/wp\/v2\/pages"}],"about":[{"href":"https:\/\/www.celarya.com.br\/index.php?rest_route=\/wp\/v2\/types\/page"}],"author":[{"embeddable":true,"href":"https:\/\/www.celarya.com.br\/index.php?rest_route=\/wp\/v2\/users\/1"}],"replies":[{"embeddable":true,"href":"https:\/\/www.celarya.com.br\/index.php?rest_route=%2Fwp%2Fv2%2Fcomments&post=819"}],"version-history":[{"count":5,"href":"https:\/\/www.celarya.com.br\/index.php?rest_route=\/wp\/v2\/pages\/819\/revisions"}],"predecessor-version":[{"id":826,"href":"https:\/\/www.celarya.com.br\/index.php?rest_route=\/wp\/v2\/pages\/819\/revisions\/826"}],"wp:attachment":[{"href":"https:\/\/www.celarya.com.br\/index.php?rest_route=%2Fwp%2Fv2%2Fmedia&parent=819"}],"curies":[{"name":"wp","href":"https:\/\/api.w.org\/{rel}","templated":true}]}}